{"id":554,"date":"2018-03-05T18:25:16","date_gmt":"2018-03-05T17:25:16","guid":{"rendered":"https:\/\/riptiderocks.wordpress.com\/?page_id=6"},"modified":"2026-01-04T12:57:04","modified_gmt":"2026-01-04T11:57:04","slug":"gigs","status":"publish","type":"page","link":"https:\/\/riptiderocks.nl\/index.php\/gigs\/","title":{"rendered":"Gigs"},"content":{"rendered":"\t\t<div data-elementor-type=\"wp-page\" data-elementor-id=\"554\" class=\"elementor elementor-554\">\n\t\t\t\t<div class=\"elementor-element elementor-element-3d72f197 e-flex e-con-boxed e-con e-parent\" data-id=\"3d72f197\" data-element_type=\"container\" data-e-type=\"container\">\n\t\t\t\t\t<div class=\"e-con-inner\">\n\t\t\t\t<div class=\"elementor-element elementor-element-42c67c92 elementor-widget elementor-widget-shortcode\" data-id=\"42c67c92\" data-element_type=\"widget\" data-e-type=\"widget\" data-widget_type=\"shortcode.default\">\n\t\t\t\t\t\t\t<div class=\"elementor-shortcode\"><section id=\"upcoming_events_widget-7\" class=\"widget widget_upcoming_events_widget amr_widget\"><h2 class=\"widget-title\">Komende evenementen<\/h2>\t\t\t<ul class=\"upcoming-events\">\n\t\t\t\t\t\t\t\t<li>\n\t\t\t\t\t<strong class=\"event-summary\">\n\t\t\t\t\t\tBesloten bedrijfsfeest\t\t\t\t\t<\/strong>\n\t\t\t\t\t<span class=\"event-when\">30 mei, 2026<\/span>\n\t\t\t\t\t\t\t\t\t\t\t\t\t\t<\/li>\n\t\t\t\t\t\t\t\t<li>\n\t\t\t\t\t<strong class=\"event-summary\">\n\t\t\t\t\t\tFestival Vaals\t\t\t\t\t<\/strong>\n\t\t\t\t\t<span class=\"event-when\">5 juli, 2026<\/span>\n\t\t\t\t\t\t\t\t\t\t\t\t\t\t<\/li>\n\t\t\t\t\t\t\t\t<li>\n\t\t\t\t\t<strong class=\"event-summary\">\n\t\t\t\t\t\tCaf\u00e9 Ratskeller\t\t\t\t\t<\/strong>\n\t\t\t\t\t<span class=\"event-when\">5 september, 2026<\/span>\n\t\t\t\t\t\t\t\t\t\t\t<span class=\"event-location\">\n\t\t\t\t\t\t\tCaf\u00e9 Ratskeller, Hauptstra\u00dfe 40, 4780 St. Vith, Belgi\u00eb\t\t\t\t\t\t<\/span>\n\t\t\t\t\t\t\t\t\t\t\t\t\t\t<\/li>\n\t\t\t\t\t\t\t\t<li>\n\t\t\t\t\t<strong class=\"event-summary\">\n\t\t\t\t\t\tBesloten feest\t\t\t\t\t<\/strong>\n\t\t\t\t\t<span class=\"event-when\">30 januari, 2027<\/span>\n\t\t\t\t\t\t\t\t\t\t\t\t\t\t<\/li>\n\t\t\t\t\t\t\t\t<li>\n\t\t\t\t\t<strong class=\"event-summary\">\n\t\t\t\t\t\tBands For Love\t\t\t\t\t<\/strong>\n\t\t\t\t\t<span class=\"event-when\">27 februari, 2027 om 21:00 \u2013 23:55<\/span>\n\t\t\t\t\t\t\t\t\t\t\t<span class=\"event-location\">\n\t\t\t\t\t\t\tTheater Landgraaf, Kerkberg 4, 6374 ES Landgraaf, Nederland\t\t\t\t\t\t<\/span>\n\t\t\t\t\t\t\t\t\t\t\t\t\t\t<\/li>\n\t\t\t\t\t\t\t<\/ul>\n\t\t\t<\/section><\/div>\n\t\t\t\t\t\t<\/div>\n\t\t\t\t\t<\/div>\n\t\t\t\t<\/div>\n\t\t\t\t<\/div>\n\t\t","protected":false},"excerpt":{"rendered":"","protected":false},"author":1,"featured_media":1313,"parent":0,"menu_order":4,"comment_status":"closed","ping_status":"closed","template":"","meta":{"footnotes":""},"class_list":["post-554","page","type-page","status-publish","has-post-thumbnail","hentry"],"jetpack_sharing_enabled":false,"jetpack_shortlink":"https:\/\/wp.me\/P9Pdz3-8W","jetpack-related-posts":[{"id":354,"url":"https:\/\/riptiderocks.nl\/index.php\/contact\/","url_meta":{"origin":554,"position":0},"title":"Contact","author":"juulscheren","date":"16 maart, 2018","format":false,"excerpt":"","rel":"","context":"Soortgelijk bericht","block_context":{"text":"Soortgelijk bericht","link":""},"img":{"alt_text":"","src":"https:\/\/i0.wp.com\/riptiderocks.nl\/wp-content\/uploads\/2025\/09\/contact.jpg?fit=1200%2C791&ssl=1&resize=350%2C200","width":350,"height":200,"srcset":"https:\/\/i0.wp.com\/riptiderocks.nl\/wp-content\/uploads\/2025\/09\/contact.jpg?fit=1200%2C791&ssl=1&resize=350%2C200 1x, https:\/\/i0.wp.com\/riptiderocks.nl\/wp-content\/uploads\/2025\/09\/contact.jpg?fit=1200%2C791&ssl=1&resize=525%2C300 1.5x, https:\/\/i0.wp.com\/riptiderocks.nl\/wp-content\/uploads\/2025\/09\/contact.jpg?fit=1200%2C791&ssl=1&resize=700%2C400 2x, https:\/\/i0.wp.com\/riptiderocks.nl\/wp-content\/uploads\/2025\/09\/contact.jpg?fit=1200%2C791&ssl=1&resize=1050%2C600 3x"},"classes":[]}],"_links":{"self":[{"href":"https:\/\/riptiderocks.nl\/index.php\/wp-json\/wp\/v2\/pages\/554","targetHints":{"allow":["GET"]}}],"collection":[{"href":"https:\/\/riptiderocks.nl\/index.php\/wp-json\/wp\/v2\/pages"}],"about":[{"href":"https:\/\/riptiderocks.nl\/index.php\/wp-json\/wp\/v2\/types\/page"}],"author":[{"embeddable":true,"href":"https:\/\/riptiderocks.nl\/index.php\/wp-json\/wp\/v2\/users\/1"}],"replies":[{"embeddable":true,"href":"https:\/\/riptiderocks.nl\/index.php\/wp-json\/wp\/v2\/comments?post=554"}],"version-history":[{"count":32,"href":"https:\/\/riptiderocks.nl\/index.php\/wp-json\/wp\/v2\/pages\/554\/revisions"}],"predecessor-version":[{"id":1549,"href":"https:\/\/riptiderocks.nl\/index.php\/wp-json\/wp\/v2\/pages\/554\/revisions\/1549"}],"wp:featuredmedia":[{"embeddable":true,"href":"https:\/\/riptiderocks.nl\/index.php\/wp-json\/wp\/v2\/media\/1313"}],"wp:attachment":[{"href":"https:\/\/riptiderocks.nl\/index.php\/wp-json\/wp\/v2\/media?parent=554"}],"curies":[{"name":"wp","href":"https:\/\/api.w.org\/{rel}","templated":true}]}}